{"id":79,"date":"2020-03-03T09:05:42","date_gmt":"2020-03-03T09:05:42","guid":{"rendered":"http:\/\/trauer-vogel.de\/?page_id=79"},"modified":"2025-12-27T23:39:02","modified_gmt":"2025-12-27T23:39:02","slug":"impressum-rechtliche-hinweise","status":"publish","type":"page","link":"https:\/\/trauer-vogel.de\/?page_id=79","title":{"rendered":"Impressum &#038; rechtliche Hinweise"},"content":{"rendered":"\n<p>Angaben gem\u00e4\u00df \u00a7 5 TMG<br><strong>Isolde B. Vogel<\/strong><br>Diplom-\u00dcbersetzerin (beeid.) &amp; Freie Trauerrednerin<br>Lu\u00dfhardtstra\u00dfe 27<br>68753 Wagh\u00e4usel<\/p>\n\n\n\n<p><strong>Kontakt<\/strong>:<br>Mobil: +49 173 23 10 292<br>E-Mail: <a href=\"mailto:info@trauer-vogel.de\">info@trauer-vogel.de<\/a><br><br><strong>Aufsichtsbeh\u00f6rde<\/strong><br>Landgericht Karlsruhe<br>Hans-Thoma-Stra\u00dfe 7<br>76133 Karlsruhe<br>https:\/\/landgericht-karlsruhe.justiz-bw.de\/<\/p>\n\n\n\n<p><strong>Berufsbezeichnung und berufsrechtliche Regelungen<\/strong><br>Berufsbezeichnung: Diplom-\u00dcbersetzerin (beeid.)<\/p>\n\n\n\n<p><strong>EU-Streitschlichtung<\/strong><br>Die Europ\u00e4ische Kommission stellt eine Plattform zur Online-Streitbeilegung (OS) bereit:<br>https:\/\/ec.europa.eu\/consumers\/odr.<br>Meine E-Mail-Adresse finden Sie oben im Impressum.<\/p>\n\n\n\n<p><strong>Verbraucherstreitbeilegung \/ Universalschlichtungsstelle<br><\/strong>Ich bin nicht bereit oder verpflichtet, an Streitbeilegungsverfahren vor einer<br>Verbraucherschlichtungsstelle teilzunehmen.<\/p>\n\n\n\n<p><strong>Haftung f\u00fcr Inhalte<\/strong><br>Als Diensteanbieter bin ich gem\u00e4\u00df \u00a7 7 Abs. 1 TMG f\u00fcr eigene Inhalte auf diesen Seiten nach den allgemeinen Gesetzen verantwortlich. Nach \u00a7\u00a78 bis 10 TMG bin ich als Diensteanbieterin jedoch nicht verpflichtet, \u00fcbermittelte oder gespeicherte fremde Informationen zu \u00fcberwachen oder nach Umst\u00e4nden zu forschen, die auf eine rechtswidrige T\u00e4tigkeit hinweisen.<br>Verpflichtungen zur Entfernung oder Sperrung der Nutzung von Informationen nach den allgemeinen Gesetzen bleiben hiervon unber\u00fchrt. Eine diesbez\u00fcgliche Haftung ist jedoch erst ab dem Zeitpunkt der Kenntnis einer konkreten Rechtsverletzung m\u00f6glich. Bei Bekanntwerden von entsprechenden Rechtsverletzungen werde ich diese Inhalte umgehend entfernen.<\/p>\n\n\n\n<p><strong>Haftung f\u00fcr Links<\/strong><br>Mein Angebot enth\u00e4lt m\u00f6glicherweise Links zu externen Websites Dritter, auf deren Inhalte ich keinen Einfluss habe.<br>Deshalb kann ich f\u00fcr diese fremden Inhalte auch keine Gew\u00e4hr \u00fcbernehmen. F\u00fcr die Inhalte der verlinkten Seiten ist stets der jeweilige Anbieter oder Betreiber der Seiten verantwortlich. Die verlinkten Seiten wurden zum Zeitpunkt der Verlinkung auf m\u00f6gliche Rechtsverst\u00f6\u00dfe \u00fcberpr\u00fcft. Rechtswidrige Inhalte waren zum Zeitpunkt der Verlinkung nicht erkennbar.<br>Eine permanente inhaltliche Kontrolle der verlinkten Seiten ist jedoch ohne konkrete Anhaltspunkte einer Rechtsverletzung nicht zumutbar. Bei Bekanntwerden von Rechtsverletzungen werde ich derartige Links umgehend entfernen.<\/p>\n\n\n\n<p><strong>Urheberrecht<\/strong><br>Die durch die Seitenbetreiberin erstellten Inhalte und Werke auf diesen Seiten unterliegen dem deutschen Urheberrecht. Die Vervielf\u00e4ltigung, Bearbeitung, Verbreitung und jede Art der Verwertung au\u00dferhalb der Grenzen des Urheberrechtes bed\u00fcrfen der schriftlichen Zustimmung der Autorin bzw. Erstellerin.<br>Downloads und Kopien von dieser Seite sind nicht gestattet.<br>Soweit die Inhalte auf dieser Seite nicht von der Betreiberin erstellt wurden, werden die Urheberrechte Dritter beachtet. Insbesondere werden Inhalte Dritter als solche gekennzeichnet. Sollten Sie trotzdem auf eine Urheberrechtsverletzung aufmerksam werden, bitte ich um einen entsprechenden Hinweis. Bei Bekanntwerden von Rechtsverletzungen werde ich derartige Inhalte umgehend entfernen.<\/p>\n\n\n\n<p><em>Quelle: eRecht24<\/em><\/p>\n","protected":false},"excerpt":{"rendered":"<p>Angaben gem\u00e4\u00df \u00a7 5 TMGIsolde B. VogelDiplom-\u00dcbersetzerin (beeid.) &amp; Freie TrauerrednerinLu\u00dfhardtstra\u00dfe 2768753 Wagh\u00e4usel Kontakt:Mobil: +49 173 23 10 292E-Mail: info@trauer-vogel.de Aufsichtsbeh\u00f6rdeLandgericht KarlsruheHans-Thoma-Stra\u00dfe 776133 Karlsruhehttps:\/\/landgericht-karlsruhe.justiz-bw.de\/ Berufsbezeichnung und berufsrechtliche RegelungenBerufsbezeichnung: Diplom-\u00dcbersetzerin (beeid.) EU-StreitschlichtungDie Europ\u00e4ische Kommission stellt eine Plattform zur Online-Streitbeilegung (OS) bereit:https:\/\/ec.europa.eu\/consumers\/odr.Meine E-Mail-Adresse finden Sie oben im Impressum. Verbraucherstreitbeilegung \/ UniversalschlichtungsstelleIch bin nicht bereit oder verpflichtet, an [&hellip;]<\/p>\n","protected":false},"author":1,"featured_media":0,"parent":0,"menu_order":0,"comment_status":"closed","ping_status":"closed","template":"","meta":{"gt_page_layout":"","gt_hide_page_title":false,"gt_remove_bottom_margin":false,"footnotes":""},"class_list":["post-79","page","type-page","status-publish","hentry"],"_links":{"self":[{"href":"https:\/\/trauer-vogel.de\/index.php?rest_route=\/wp\/v2\/pages\/79","targetHints":{"allow":["GET"]}}],"collection":[{"href":"https:\/\/trauer-vogel.de\/index.php?rest_route=\/wp\/v2\/pages"}],"about":[{"href":"https:\/\/trauer-vogel.de\/index.php?rest_route=\/wp\/v2\/types\/page"}],"author":[{"embeddable":true,"href":"https:\/\/trauer-vogel.de\/index.php?rest_route=\/wp\/v2\/users\/1"}],"replies":[{"embeddable":true,"href":"https:\/\/trauer-vogel.de\/index.php?rest_route=%2Fwp%2Fv2%2Fcomments&post=79"}],"version-history":[{"count":12,"href":"https:\/\/trauer-vogel.de\/index.php?rest_route=\/wp\/v2\/pages\/79\/revisions"}],"predecessor-version":[{"id":575,"href":"https:\/\/trauer-vogel.de\/index.php?rest_route=\/wp\/v2\/pages\/79\/revisions\/575"}],"wp:attachment":[{"href":"https:\/\/trauer-vogel.de\/index.php?rest_route=%2Fwp%2Fv2%2Fmedia&parent=79"}],"curies":[{"name":"wp","href":"https:\/\/api.w.org\/{rel}","templated":true}]}}