{"id":48,"date":"2020-03-03T07:39:37","date_gmt":"2020-03-03T07:39:37","guid":{"rendered":"http:\/\/trauer-vogel.de\/?page_id=48"},"modified":"2023-01-28T13:10:20","modified_gmt":"2023-01-28T13:10:20","slug":"im-trauerfall","status":"publish","type":"page","link":"https:\/\/trauer-vogel.de\/?page_id=48","title":{"rendered":"Abschiedsrede"},"content":{"rendered":"\n<p><strong>Und pl\u00f6tzlich ist nichts mehr, wie es war&#8230;<\/strong><\/p>\n\n\n\n<p>Jeder Mensch ist einzigartig und hinterl\u00e4sst seine ganz eigenen Spuren. Jeder Mensch lebt (s)ein einzigartiges und unverwechselbares Leben. Mein Ziel ist es, im Rahmen der Trauerfeier dieses Leben in einem ganz pers\u00f6nlich gestalteten R\u00fcckblick zu w\u00fcrdigen und zu feiern. Ich verwende keine allgemeing\u00fcltigen &#8222;Bausteine&#8220;; vielmehr versuche ich, mich in jede einzelne und einzigartige Biografie hineinzuf\u00fchlen, um eine ganz individuelle und unverwechselbare Rede f\u00fcr Sie zu erstellen.<\/p>\n\n\n\n<p>Es ist mir ein Anliegen, Sie bei der individuellen und w\u00fcrdevollen Gestaltung der Abschiedsfeier f\u00fcr Ihren geliebten verstorbenen Menschen zu unterst\u00fctzen. In einem ersten Gespr\u00e4ch bei Ihnen zu Hause oder an einem anderen Ort Ihrer Wahl, an dem wir uns ungest\u00f6rt unterhalten k\u00f6nnen, erfahre ich Ihre pers\u00f6nlichen W\u00fcnsche bez\u00fcglich der Trauerfeier. Vieles ist m\u00f6glich! Nach Bedarf helfe ich Ihnen auch gerne bei der Auswahl der passenden Musik und \/ oder Rituale.<\/p>\n\n\n<div class=\"wp-block-image is-style-default\">\n<figure class=\"alignleft is-resized\"><img loading=\"lazy\" decoding=\"async\" src=\"https:\/\/trauer-vogel.de\/wp-content\/uploads\/2023\/01\/Vogel-Pyramide-211x300.jpg\" alt=\"\" class=\"wp-image-483\" width=\"279\" height=\"395\"\/><figcaption class=\"wp-element-caption\"><sub><sup>Cimitero Monumentale Milano, 1994<\/sup><\/sub><\/figcaption><\/figure>\n<\/div>\n\n\n<p>Bei einem Trauerfall tut es gut, wenn einem jemand mit Einf\u00fchlungsverm\u00f6gen und Kompetenz zur Seite steht \u2013 und zwar von Anfang an. So vieles ist nun zu regeln und zu kl\u00e4ren! Bei Ihren offenen Fragen m\u00f6chte ich Ihnen auf ruhige Art Sicherheit geben. Au\u00dferdem arbeite ich Hand in Hand mit dem von Ihnen ausgew\u00e4hlten Bestattungsunternehmen zusammen.<\/p>\n\n\n\n<p>Im Fall einer Feier mit G\u00e4sten aus dem Ausland halte ich die Ansprache oder auch nur einen Teil davon auf Wunsch auch in den Sprachen Englisch oder Italienisch.<br>Bei kirchlichen Trauerfeiern kann ich hier auch nur einzelne Elemente beisteuern, wie beispielsweise die \u00dcbersetzung von Gebeten oder Liedtexten.<\/p>\n\n\n\n<p><strong>Sprechen Sie mich an! Ich bin gerne f\u00fcr Sie da.<\/strong><\/p>\n","protected":false},"excerpt":{"rendered":"<p>Und pl\u00f6tzlich ist nichts mehr, wie es war&#8230; Jeder Mensch ist einzigartig und hinterl\u00e4sst seine ganz eigenen Spuren. Jeder Mensch lebt (s)ein einzigartiges und unverwechselbares Leben. Mein Ziel ist es, im Rahmen der Trauerfeier dieses Leben in einem ganz pers\u00f6nlich gestalteten R\u00fcckblick zu w\u00fcrdigen und zu feiern. Ich verwende keine allgemeing\u00fcltigen &#8222;Bausteine&#8220;; vielmehr versuche ich, [&hellip;]<\/p>\n","protected":false},"author":1,"featured_media":0,"parent":0,"menu_order":0,"comment_status":"closed","ping_status":"closed","template":"","meta":{"gt_page_layout":"","gt_hide_page_title":false,"gt_remove_bottom_margin":false,"footnotes":""},"class_list":["post-48","page","type-page","status-publish","hentry"],"_links":{"self":[{"href":"https:\/\/trauer-vogel.de\/index.php?rest_route=\/wp\/v2\/pages\/48","targetHints":{"allow":["GET"]}}],"collection":[{"href":"https:\/\/trauer-vogel.de\/index.php?rest_route=\/wp\/v2\/pages"}],"about":[{"href":"https:\/\/trauer-vogel.de\/index.php?rest_route=\/wp\/v2\/types\/page"}],"author":[{"embeddable":true,"href":"https:\/\/trauer-vogel.de\/index.php?rest_route=\/wp\/v2\/users\/1"}],"replies":[{"embeddable":true,"href":"https:\/\/trauer-vogel.de\/index.php?rest_route=%2Fwp%2Fv2%2Fcomments&post=48"}],"version-history":[{"count":52,"href":"https:\/\/trauer-vogel.de\/index.php?rest_route=\/wp\/v2\/pages\/48\/revisions"}],"predecessor-version":[{"id":525,"href":"https:\/\/trauer-vogel.de\/index.php?rest_route=\/wp\/v2\/pages\/48\/revisions\/525"}],"wp:attachment":[{"href":"https:\/\/trauer-vogel.de\/index.php?rest_route=%2Fwp%2Fv2%2Fmedia&parent=48"}],"curies":[{"name":"wp","href":"https:\/\/api.w.org\/{rel}","templated":true}]}}