{"id":363,"date":"2021-09-04T08:28:34","date_gmt":"2021-09-04T08:28:34","guid":{"rendered":"http:\/\/trauer-vogel.de\/?page_id=363"},"modified":"2025-12-27T23:41:38","modified_gmt":"2025-12-27T23:41:38","slug":"links-empfehlungen","status":"publish","type":"page","link":"https:\/\/trauer-vogel.de\/?page_id=363","title":{"rendered":"Links &#038; Empfehlungen"},"content":{"rendered":"\n<hr class=\"wp-block-separator is-style-wide\"\/>\n\n\n\n<p><strong>Naturverbunden, schlicht und tr\u00f6stlich<\/strong><\/p>\n\n\n\n<h1 class=\"wp-block-heading\"><span class=\"has-inline-color has-black-color\">FriedWald &#8211; Die Bestattung in der Natur<\/span><\/h1>\n\n\n\n<p>FriedWald erm\u00f6glicht Ihnen und Ihren Angeh\u00f6rigen einen Bestattungsort, an dem Sie sich schon zu Lebzeiten wohlf\u00fchlen: Den Wald. Seit 2001 bieten wir Bestattungen im Wald als Alternative zum herk\u00f6mmlichen Friedhof. Alle Informationen unter <a href=\"https:\/\/www.friedwald.de\">https:\/\/www.friedwald.de<\/a><\/p>\n\n\n\n<figure class=\"wp-block-image size-full is-resized\"><img loading=\"lazy\" decoding=\"async\" src=\"https:\/\/trauer-vogel.de\/wp-content\/uploads\/2021\/10\/image-4.png\" alt=\"\" class=\"wp-image-399\" width=\"353\" height=\"142\"\/><\/figure>\n\n\n\n<hr class=\"wp-block-separator is-style-wide\"\/>\n\n\n\n<h1 class=\"wp-block-heading\">Bestattungsinstitut Bohn, Oberhausen<\/h1>\n\n\n\n<p><a rel=\"noreferrer noopener\" href=\"http:\/\/www.bohn-bestattungen.de\/\" target=\"_blank\">www.bohn-bestattungen.de<\/a><\/p>\n\n\n\n<figure class=\"wp-block-image size-full\"><img loading=\"lazy\" decoding=\"async\" width=\"344\" height=\"144\" src=\"https:\/\/trauer-vogel.de\/wp-content\/uploads\/2021\/10\/image.png\" alt=\"\" class=\"wp-image-390\" srcset=\"https:\/\/trauer-vogel.de\/wp-content\/uploads\/2021\/10\/image.png 344w, https:\/\/trauer-vogel.de\/wp-content\/uploads\/2021\/10\/image-300x126.png 300w\" sizes=\"auto, (max-width: 344px) 100vw, 344px\" \/><\/figure>\n\n\n\n<hr class=\"wp-block-separator is-style-wide\"\/>\n\n\n\n<h1 class=\"has-black-color has-text-color wp-block-heading\">Bestattungsinstitut Meid, Bad Sch\u00f6nborn<\/h1>\n\n\n\n<p><a href=\"http:\/\/bestattungen-meid.de\">www.bestattungen-meid.de<\/a><\/p>\n\n\n\n<figure class=\"wp-block-image size-full is-resized\"><img loading=\"lazy\" decoding=\"async\" src=\"https:\/\/trauer-vogel.de\/wp-content\/uploads\/2021\/10\/image-1.png\" alt=\"\" class=\"wp-image-391\" width=\"342\" height=\"153\"\/><\/figure>\n\n\n\n<hr class=\"wp-block-separator is-style-wide\"\/>\n\n\n\n<h2 class=\"wp-block-heading\">Purovivo &#8211; Das Grabschmuckmagazin<\/h2>\n\n\n\n<p>Hilfreicher Online-Ratgeber zu den Themen Tod und Trauer <\/p>\n\n\n\n<figure class=\"wp-block-embed is-type-wp-embed is-provider-purovivo-de-grabschmuck wp-block-embed-purovivo-de-grabschmuck\"><div class=\"wp-block-embed__wrapper\">\n<blockquote class=\"wp-embedded-content\" data-secret=\"UHFvJSSNtA\"><a href=\"https:\/\/www.purovivo.de\/grabgestaltung\/trauerkarte-schreiben\/\">Trauerkarte schreiben \u2013 20 kurze &#038; pers\u00f6nliche Beispiel-Texte<\/a><\/blockquote><iframe loading=\"lazy\" class=\"wp-embedded-content\" sandbox=\"allow-scripts\" security=\"restricted\" style=\"position: absolute; clip: rect(1px, 1px, 1px, 1px);\" title=\"&#8222;Trauerkarte schreiben \u2013 20 kurze &#038; pers\u00f6nliche Beispiel-Texte&#8220; &#8212; Purovivo.de - Grabschmuck\" src=\"https:\/\/www.purovivo.de\/grabgestaltung\/trauerkarte-schreiben\/embed\/#?secret=UHFvJSSNtA\" data-secret=\"UHFvJSSNtA\" width=\"600\" height=\"338\" frameborder=\"0\" marginwidth=\"0\" marginheight=\"0\" scrolling=\"no\"><\/iframe>\n<\/div><\/figure>\n\n\n\n<p><\/p>\n","protected":false},"excerpt":{"rendered":"<p>Naturverbunden, schlicht und tr\u00f6stlich FriedWald &#8211; Die Bestattung in der Natur FriedWald erm\u00f6glicht Ihnen und Ihren Angeh\u00f6rigen einen Bestattungsort, an dem Sie sich schon zu Lebzeiten wohlf\u00fchlen: Den Wald. Seit 2001 bieten wir Bestattungen im Wald als Alternative zum herk\u00f6mmlichen Friedhof. Alle Informationen unter https:\/\/www.friedwald.de Bestattungsinstitut Bohn, Oberhausen www.bohn-bestattungen.de Bestattungsinstitut Meid, Bad Sch\u00f6nborn www.bestattungen-meid.de Purovivo [&hellip;]<\/p>\n","protected":false},"author":1,"featured_media":0,"parent":0,"menu_order":0,"comment_status":"closed","ping_status":"closed","template":"","meta":{"gt_page_layout":"","gt_hide_page_title":false,"gt_remove_bottom_margin":false,"footnotes":""},"class_list":["post-363","page","type-page","status-publish","hentry"],"_links":{"self":[{"href":"https:\/\/trauer-vogel.de\/index.php?rest_route=\/wp\/v2\/pages\/363","targetHints":{"allow":["GET"]}}],"collection":[{"href":"https:\/\/trauer-vogel.de\/index.php?rest_route=\/wp\/v2\/pages"}],"about":[{"href":"https:\/\/trauer-vogel.de\/index.php?rest_route=\/wp\/v2\/types\/page"}],"author":[{"embeddable":true,"href":"https:\/\/trauer-vogel.de\/index.php?rest_route=\/wp\/v2\/users\/1"}],"replies":[{"embeddable":true,"href":"https:\/\/trauer-vogel.de\/index.php?rest_route=%2Fwp%2Fv2%2Fcomments&post=363"}],"version-history":[{"count":16,"href":"https:\/\/trauer-vogel.de\/index.php?rest_route=\/wp\/v2\/pages\/363\/revisions"}],"predecessor-version":[{"id":410,"href":"https:\/\/trauer-vogel.de\/index.php?rest_route=\/wp\/v2\/pages\/363\/revisions\/410"}],"wp:attachment":[{"href":"https:\/\/trauer-vogel.de\/index.php?rest_route=%2Fwp%2Fv2%2Fmedia&parent=363"}],"curies":[{"name":"wp","href":"https:\/\/api.w.org\/{rel}","templated":true}]}}