{"id":332,"date":"2021-04-07T19:33:50","date_gmt":"2021-04-07T19:33:50","guid":{"rendered":"http:\/\/trauer-vogel.de\/?page_id=332"},"modified":"2022-11-25T20:09:47","modified_gmt":"2022-11-25T20:09:47","slug":"fuer-mutige","status":"publish","type":"page","link":"https:\/\/trauer-vogel.de\/?page_id=332","title":{"rendered":"F\u00fcr Mutige"},"content":{"rendered":"\n<p><strong>Eins ist sicher\u2026<\/strong><\/p>\n\n\n\n<p>Irgendwann trifft es jeden, jede von uns. Irgendwann m\u00fcssen auch wir aus diesem Leben gehen. Verst\u00e4ndlicherweise schieben die meisten Menschen den Gedanken an ihre eigene Endlichkeit ganz weit weg; das Leben ist schlie\u00dflich auch viel zu sch\u00f6n!<\/p>\n\n\n\n<p>Wie w\u00e4re es jedoch, wenn man seine Trauerfeier nach seinen eigenen Vorstellungen planen und gestalten k\u00f6nnte? Mit der eigenen Lieblingsmusik, einem bedeutungsvollen Ritual sowie einer Rede, die einfach perfekt passt, da man selbst daran mitgearbeitet hat? Alle wichtigen Lebensstationen werden darin genannt, unvergessene Anekdoten erz\u00e4hlt, pers\u00f6nliche Vorlieben, Leidenschaften, Hobbies. Der Mensch wird in seiner absoluten Einzigartigkeit noch einmal skizziert, wie er im Leben war \u2013 was ihm wertvoll und wichtig war, wof\u00fcr er sich begeistern konnte, wof\u00fcr er geliebt, gesch\u00e4tzt, bewundert wurde.<\/p>\n\n\n\n<p>Das geht!!<\/p>\n\n\n\n<p>Sehr gerne setze ich mich mit Ihnen zusammen und plane gemeinsam mit Ihnen Ihr letztes Fest \u2013 mit allem \u201eDrum und Dran\u201c und genau so, wie <em>Sie <\/em>es sich w\u00fcnschen.<\/p>\n\n\n\n<p>Die Dokumente mit Rede und Ablauf Ihrer Abschiedsfeier k\u00f6nnen beim \u00f6rtlichen Standesamt oder einer anderen Beh\u00f6rde hinterlegt werden und sind somit jederzeit verf\u00fcgbar \u2013 auch f\u00fcr den Fall, dass Sie zu einem sp\u00e4teren Zeitpunkt noch etwas daran \u00e4ndern oder erg\u00e4nzen m\u00f6chten.<\/p>\n\n\n\n<p><strong>F\u00fchlen Sie sich mutig? Kommen Sie auf mich zu.<\/strong><\/p>\n","protected":false},"excerpt":{"rendered":"<p>Eins ist sicher\u2026 Irgendwann trifft es jeden, jede von uns. Irgendwann m\u00fcssen auch wir aus diesem Leben gehen. Verst\u00e4ndlicherweise schieben die meisten Menschen den Gedanken an ihre eigene Endlichkeit ganz weit weg; das Leben ist schlie\u00dflich auch viel zu sch\u00f6n! Wie w\u00e4re es jedoch, wenn man seine Trauerfeier nach seinen eigenen Vorstellungen planen und gestalten [&hellip;]<\/p>\n","protected":false},"author":1,"featured_media":0,"parent":0,"menu_order":0,"comment_status":"closed","ping_status":"closed","template":"","meta":{"gt_page_layout":"","gt_hide_page_title":false,"gt_remove_bottom_margin":false,"footnotes":""},"class_list":["post-332","page","type-page","status-publish","hentry"],"_links":{"self":[{"href":"https:\/\/trauer-vogel.de\/index.php?rest_route=\/wp\/v2\/pages\/332","targetHints":{"allow":["GET"]}}],"collection":[{"href":"https:\/\/trauer-vogel.de\/index.php?rest_route=\/wp\/v2\/pages"}],"about":[{"href":"https:\/\/trauer-vogel.de\/index.php?rest_route=\/wp\/v2\/types\/page"}],"author":[{"embeddable":true,"href":"https:\/\/trauer-vogel.de\/index.php?rest_route=\/wp\/v2\/users\/1"}],"replies":[{"embeddable":true,"href":"https:\/\/trauer-vogel.de\/index.php?rest_route=%2Fwp%2Fv2%2Fcomments&post=332"}],"version-history":[{"count":10,"href":"https:\/\/trauer-vogel.de\/index.php?rest_route=\/wp\/v2\/pages\/332\/revisions"}],"predecessor-version":[{"id":474,"href":"https:\/\/trauer-vogel.de\/index.php?rest_route=\/wp\/v2\/pages\/332\/revisions\/474"}],"wp:attachment":[{"href":"https:\/\/trauer-vogel.de\/index.php?rest_route=%2Fwp%2Fv2%2Fmedia&parent=332"}],"curies":[{"name":"wp","href":"https:\/\/api.w.org\/{rel}","templated":true}]}}