{"id":249,"date":"2020-06-08T11:41:36","date_gmt":"2020-06-08T11:41:36","guid":{"rendered":"http:\/\/trauer-vogel.de\/?page_id=249"},"modified":"2022-11-25T20:14:29","modified_gmt":"2022-11-25T20:14:29","slug":"honorar","status":"publish","type":"page","link":"https:\/\/trauer-vogel.de\/?page_id=249","title":{"rendered":"Honorar"},"content":{"rendered":"\n<p>F\u00fcr Angeh\u00f6rigengespr\u00e4ch, Vorbereitung und Durchf\u00fchrung der Trauerfeier berechne ich eine Pauschale. Wir nehmen uns also gemeinsam so viel Zeit wie n\u00f6tig ist, um den Abschied Ihres geliebten Verstorbenen in Ruhe vorzubereiten.<\/p>\n\n\n\n<p>Bei Trauerfeiern, die weiter als 30 km von meinem Wohnort entfernt sind, berechne ich zus\u00e4tzlich eine Anfahrtsgeb\u00fchr von \u20ac 0,60 pro km au\u00dferhalb dieses Radius von 30 km.<\/p>\n\n\n\n<p>F\u00fcr fremdsprachige Beitr\u00e4ge wird je nach Aufwand ein entsprechender Zuschlag berechnet.<\/p>\n","protected":false},"excerpt":{"rendered":"<p>F\u00fcr Angeh\u00f6rigengespr\u00e4ch, Vorbereitung und Durchf\u00fchrung der Trauerfeier berechne ich eine Pauschale. Wir nehmen uns also gemeinsam so viel Zeit wie n\u00f6tig ist, um den Abschied Ihres geliebten Verstorbenen in Ruhe vorzubereiten. Bei Trauerfeiern, die weiter als 30 km von meinem Wohnort entfernt sind, berechne ich zus\u00e4tzlich eine Anfahrtsgeb\u00fchr von \u20ac 0,60 pro km au\u00dferhalb dieses [&hellip;]<\/p>\n","protected":false},"author":1,"featured_media":0,"parent":0,"menu_order":0,"comment_status":"closed","ping_status":"closed","template":"","meta":{"gt_page_layout":"","gt_hide_page_title":false,"gt_remove_bottom_margin":false,"footnotes":""},"class_list":["post-249","page","type-page","status-publish","hentry"],"_links":{"self":[{"href":"https:\/\/trauer-vogel.de\/index.php?rest_route=\/wp\/v2\/pages\/249","targetHints":{"allow":["GET"]}}],"collection":[{"href":"https:\/\/trauer-vogel.de\/index.php?rest_route=\/wp\/v2\/pages"}],"about":[{"href":"https:\/\/trauer-vogel.de\/index.php?rest_route=\/wp\/v2\/types\/page"}],"author":[{"embeddable":true,"href":"https:\/\/trauer-vogel.de\/index.php?rest_route=\/wp\/v2\/users\/1"}],"replies":[{"embeddable":true,"href":"https:\/\/trauer-vogel.de\/index.php?rest_route=%2Fwp%2Fv2%2Fcomments&post=249"}],"version-history":[{"count":6,"href":"https:\/\/trauer-vogel.de\/index.php?rest_route=\/wp\/v2\/pages\/249\/revisions"}],"predecessor-version":[{"id":476,"href":"https:\/\/trauer-vogel.de\/index.php?rest_route=\/wp\/v2\/pages\/249\/revisions\/476"}],"wp:attachment":[{"href":"https:\/\/trauer-vogel.de\/index.php?rest_route=%2Fwp%2Fv2%2Fmedia&parent=249"}],"curies":[{"name":"wp","href":"https:\/\/api.w.org\/{rel}","templated":true}]}}