{"id":129,"date":"2020-03-03T09:44:02","date_gmt":"2020-03-03T09:44:02","guid":{"rendered":"http:\/\/trauer-vogel.de\/?page_id=129"},"modified":"2023-01-28T12:35:55","modified_gmt":"2023-01-28T12:35:55","slug":"unterstuetzung-aus-der-natur","status":"publish","type":"page","link":"https:\/\/trauer-vogel.de\/?page_id=129","title":{"rendered":"Hilfe aus der Natur"},"content":{"rendered":"\n<p>Sch\u00e4tze aus der Natur k\u00f6nnen uns dabei unterst\u00fctzen, unsere Traurigkeit und unsere momentanen Stimmungen besser zu ertragen.<\/p>\n\n\n\n<p>Mit meiner langj\u00e4hrigen Erfahrung als &#8222;Kr\u00e4uterfee&#8220; stelle ich Ihnen gerne individuelle Teemischungen zusammen, die tr\u00f6stend, beruhigend oder st\u00e4rkend wirken. Hierf\u00fcr verwende ich Wildpflanzen und Bl\u00fcten in Bio-Qualit\u00e4t, die ich zu Hause selbst anbaue, an unbedenklichen Pl\u00e4tzen in der Natur f\u00fcr Sie sammle oder in Apothekenqualit\u00e4t f\u00fcr Sie besorge.<\/p>\n\n\n\n<p>Folgende Produkte sind verf\u00fcgbar (vorr\u00e4tig je nach Saison):<\/p>\n\n\n<div class=\"wp-block-image\">\n<figure class=\"alignright size-large is-resized\"><img loading=\"lazy\" decoding=\"async\" src=\"https:\/\/trauer-vogel.de\/wp-content\/uploads\/2020\/04\/IMG_9707-829x1024.jpg\" alt=\"\" class=\"wp-image-212\" width=\"348\" height=\"429\" srcset=\"https:\/\/trauer-vogel.de\/wp-content\/uploads\/2020\/04\/IMG_9707-829x1024.jpg 829w, https:\/\/trauer-vogel.de\/wp-content\/uploads\/2020\/04\/IMG_9707-243x300.jpg 243w, https:\/\/trauer-vogel.de\/wp-content\/uploads\/2020\/04\/IMG_9707-768x949.jpg 768w, https:\/\/trauer-vogel.de\/wp-content\/uploads\/2020\/04\/IMG_9707-1244x1536.jpg 1244w, https:\/\/trauer-vogel.de\/wp-content\/uploads\/2020\/04\/IMG_9707.jpg 1658w\" sizes=\"auto, (max-width: 348px) 100vw, 348px\" \/><figcaption class=\"wp-element-caption\"><sub><sup>Foto \u00a9 Emilia Steiner<\/sup><\/sub><\/figcaption><\/figure>\n<\/div>\n\n\n<p style=\"font-size:25px\"><strong>Teemischungen<\/strong> &#8211; <strong>40 g<\/strong><\/p>\n\n\n\n<p><strong>&#8222;Traum&#8220;:<\/strong> Bei nerv\u00f6ser Unruhe und Einschlafst\u00f6rungen &#8211; mit Hopfenbl\u00fcten, Lavendelbl\u00fcten &amp; Zitronenmelisse<\/p>\n\n\n\n<p><strong>&#8222;Ruhe&#8220;:<\/strong> Zur Beruhigung &#8211; mit Baldrianwurzel, Hopfenbl\u00fcten, Kamille, Lindenbl\u00fcten, Pfefferminze &amp; Zitronengras<\/p>\n\n\n\n<p><strong>&#8222;Kraft&#8220;:<\/strong> Beruhigend und stimmungsaufhellend, mit Ringelblume, Rosmarin &amp; Zitronenverbene<\/p>\n\n\n\n<hr class=\"wp-block-separator has-css-opacity\"\/>\n\n\n\n<p style=\"font-size:25px\"><strong>Lavendelsalbe<\/strong> &#8211; <strong>30 g<\/strong><\/p>\n\n\n\n<p>Entspannend und beruhigend, auf der Basis von  Kokosfett, mit Lavendelbl\u00fcten und -bl\u00e4ttern sowie reinem Lavendel\u00f6l.<br><br>Die Salbe hat eine positive Wirkung auf die Psyche. Sie beruhigt das zentrale Nervensystem und sch\u00fctzt die Nerven vor Reiz\u00fcberflutung. Abends vor dem Schlafengehen verwendet, kann sie Einschlafprobleme und Unruhe lindern.<\/p>\n\n\n\n<p><strong>Mein Beitrag zur Nachhaltigkeit: S\u00e4mtliche Produkte sind vegan und umweltvertr\u00e4glich verpackt.<\/strong><\/p>\n","protected":false},"excerpt":{"rendered":"<p>Sch\u00e4tze aus der Natur k\u00f6nnen uns dabei unterst\u00fctzen, unsere Traurigkeit und unsere momentanen Stimmungen besser zu ertragen. Mit meiner langj\u00e4hrigen Erfahrung als &#8222;Kr\u00e4uterfee&#8220; stelle ich Ihnen gerne individuelle Teemischungen zusammen, die tr\u00f6stend, beruhigend oder st\u00e4rkend wirken. Hierf\u00fcr verwende ich Wildpflanzen und Bl\u00fcten in Bio-Qualit\u00e4t, die ich zu Hause selbst anbaue, an unbedenklichen Pl\u00e4tzen in der [&hellip;]<\/p>\n","protected":false},"author":1,"featured_media":0,"parent":0,"menu_order":0,"comment_status":"closed","ping_status":"closed","template":"","meta":{"gt_page_layout":"","gt_hide_page_title":false,"gt_remove_bottom_margin":false,"footnotes":""},"class_list":["post-129","page","type-page","status-publish","hentry"],"_links":{"self":[{"href":"https:\/\/trauer-vogel.de\/index.php?rest_route=\/wp\/v2\/pages\/129","targetHints":{"allow":["GET"]}}],"collection":[{"href":"https:\/\/trauer-vogel.de\/index.php?rest_route=\/wp\/v2\/pages"}],"about":[{"href":"https:\/\/trauer-vogel.de\/index.php?rest_route=\/wp\/v2\/types\/page"}],"author":[{"embeddable":true,"href":"https:\/\/trauer-vogel.de\/index.php?rest_route=\/wp\/v2\/users\/1"}],"replies":[{"embeddable":true,"href":"https:\/\/trauer-vogel.de\/index.php?rest_route=%2Fwp%2Fv2%2Fcomments&post=129"}],"version-history":[{"count":28,"href":"https:\/\/trauer-vogel.de\/index.php?rest_route=\/wp\/v2\/pages\/129\/revisions"}],"predecessor-version":[{"id":518,"href":"https:\/\/trauer-vogel.de\/index.php?rest_route=\/wp\/v2\/pages\/129\/revisions\/518"}],"wp:attachment":[{"href":"https:\/\/trauer-vogel.de\/index.php?rest_route=%2Fwp%2Fv2%2Fmedia&parent=129"}],"curies":[{"name":"wp","href":"https:\/\/api.w.org\/{rel}","templated":true}]}}