{"id":118,"date":"2020-03-03T09:06:58","date_gmt":"2020-03-03T09:06:58","guid":{"rendered":"http:\/\/trauer-vogel.de\/?page_id=118"},"modified":"2025-12-27T23:38:07","modified_gmt":"2025-12-27T23:38:07","slug":"kontakt","status":"publish","type":"page","link":"https:\/\/trauer-vogel.de\/?page_id=118","title":{"rendered":"Kontakt"},"content":{"rendered":"\n<p><strong>Isolde B. Vogel<\/strong><br>Freie Trauerrednerin &amp; Diplom-\u00dcbersetzerin (beeid.)<br>Lu\u00dfhardtstra\u00dfe 27<br>68753 Wagh\u00e4usel-Wiesental<\/p>\n\n\n\n<p><\/p>\n\n\n\n<p>Mobil: +49 173 23 10 292<br><br>E-Mail (bitte anklicken):<br><a href=\"mailto:info@trauer-vogel.de\">Trauerreden<\/a><br><a href=\"mailto:Vogel-Sprachendienst@web.de\">\u00dcbersetzungen<\/a><\/p>\n\n\n\n<hr class=\"wp-block-separator has-alpha-channel-opacity is-style-wide\"\/>\n\n\n\n<p><strong>Erreichbarkeit<\/strong>:<br>Sollte ich kurzfristig nicht zu erreichen sein, hinterlassen Sie mir bitte eine Nachricht auf meiner Mailbox; ich rufe Sie umgehend zur\u00fcck. Vielen Dank!<\/p>\n","protected":false},"excerpt":{"rendered":"<p>Isolde B. VogelFreie Trauerrednerin &amp; Diplom-\u00dcbersetzerin (beeid.)Lu\u00dfhardtstra\u00dfe 2768753 Wagh\u00e4usel-Wiesental Mobil: +49 173 23 10 292 E-Mail (bitte anklicken):Trauerreden\u00dcbersetzungen Erreichbarkeit:Sollte ich kurzfristig nicht zu erreichen sein, hinterlassen Sie mir bitte eine Nachricht auf meiner Mailbox; ich rufe Sie umgehend zur\u00fcck. Vielen Dank!<\/p>\n","protected":false},"author":1,"featured_media":0,"parent":0,"menu_order":0,"comment_status":"closed","ping_status":"closed","template":"","meta":{"gt_page_layout":"","gt_hide_page_title":false,"gt_remove_bottom_margin":false,"footnotes":""},"class_list":["post-118","page","type-page","status-publish","hentry"],"_links":{"self":[{"href":"https:\/\/trauer-vogel.de\/index.php?rest_route=\/wp\/v2\/pages\/118","targetHints":{"allow":["GET"]}}],"collection":[{"href":"https:\/\/trauer-vogel.de\/index.php?rest_route=\/wp\/v2\/pages"}],"about":[{"href":"https:\/\/trauer-vogel.de\/index.php?rest_route=\/wp\/v2\/types\/page"}],"author":[{"embeddable":true,"href":"https:\/\/trauer-vogel.de\/index.php?rest_route=\/wp\/v2\/users\/1"}],"replies":[{"embeddable":true,"href":"https:\/\/trauer-vogel.de\/index.php?rest_route=%2Fwp%2Fv2%2Fcomments&post=118"}],"version-history":[{"count":38,"href":"https:\/\/trauer-vogel.de\/index.php?rest_route=\/wp\/v2\/pages\/118\/revisions"}],"predecessor-version":[{"id":574,"href":"https:\/\/trauer-vogel.de\/index.php?rest_route=\/wp\/v2\/pages\/118\/revisions\/574"}],"wp:attachment":[{"href":"https:\/\/trauer-vogel.de\/index.php?rest_route=%2Fwp%2Fv2%2Fmedia&parent=118"}],"curies":[{"name":"wp","href":"https:\/\/api.w.org\/{rel}","templated":true}]}}